{"id":874,"date":"2023-12-19T13:33:53","date_gmt":"2023-12-19T13:33:53","guid":{"rendered":"https:\/\/www.littlejewelsflorence.com\/contact-form\/"},"modified":"2024-02-05T18:15:06","modified_gmt":"2024-02-05T18:15:06","slug":"contact-form","status":"publish","type":"page","link":"https:\/\/www.littlejewelsflorence.com\/en\/contact-form\/","title":{"rendered":"Contact form"},"content":{"rendered":"[vc_row type=&#8221;full_width_background&#8221; full_screen_row_position=&#8221;middle&#8221; column_margin=&#8221;default&#8221; column_direction=&#8221;default&#8221; column_direction_tablet=&#8221;default&#8221; column_direction_phone=&#8221;default&#8221; bg_color=&#8221;#ffffff&#8221; scene_position=&#8221;center&#8221; top_padding=&#8221;14%&#8221; text_color=&#8221;dark&#8221; text_align=&#8221;left&#8221; row_border_radius=&#8221;none&#8221; row_border_radius_applies=&#8221;bg&#8221; zindex=&#8221;100&#8243; overflow=&#8221;visible&#8221; overlay_strength=&#8221;0.3&#8243; gradient_direction=&#8221;left_to_right&#8221; shape_divider_position=&#8221;bottom&#8221; bg_image_animation=&#8221;none&#8221; shape_type=&#8221;&#8221; gradient_type=&#8221;default&#8221;][vc_column column_padding=&#8221;no-extra-padding&#8221; column_padding_tablet=&#8221;inherit&#8221; column_padding_phone=&#8221;inherit&#8221; column_padding_position=&#8221;all&#8221; column_element_direction_desktop=&#8221;default&#8221; column_element_spacing=&#8221;default&#8221; desktop_text_alignment=&#8221;default&#8221; tablet_text_alignment=&#8221;default&#8221; phone_text_alignment=&#8221;default&#8221; background_color_opacity=&#8221;1&#8243; background_hover_color_opacity=&#8221;1&#8243; column_backdrop_filter=&#8221;none&#8221; column_shadow=&#8221;none&#8221; column_border_radius=&#8221;none&#8221; column_link_target=&#8221;_self&#8221; column_position=&#8221;default&#8221; gradient_direction=&#8221;left_to_right&#8221; overlay_strength=&#8221;0.3&#8243; width=&#8221;1\/1&#8243; tablet_width_inherit=&#8221;default&#8221; animation_type=&#8221;default&#8221; bg_image_animation=&#8221;none&#8221; border_type=&#8221;simple&#8221; column_border_width=&#8221;none&#8221; column_border_style=&#8221;solid&#8221;][vc_row_inner column_margin=&#8221;default&#8221; column_direction=&#8221;default&#8221; column_direction_tablet=&#8221;default&#8221; column_direction_phone=&#8221;default&#8221; bottom_padding=&#8221;4%&#8221; text_align=&#8221;left&#8221; row_position=&#8221;default&#8221; row_position_tablet=&#8221;inherit&#8221; row_position_phone=&#8221;inherit&#8221; overflow=&#8221;visible&#8221; pointer_events=&#8221;all&#8221;][vc_column_inner column_padding=&#8221;no-extra-padding&#8221; column_padding_tablet=&#8221;inherit&#8221; column_padding_phone=&#8221;inherit&#8221; column_padding_position=&#8221;all&#8221; column_element_direction_desktop=&#8221;default&#8221; column_element_spacing=&#8221;default&#8221; centered_text=&#8221;true&#8221; desktop_text_alignment=&#8221;default&#8221; tablet_text_alignment=&#8221;default&#8221; phone_text_alignment=&#8221;default&#8221; background_color_opacity=&#8221;1&#8243; background_hover_color_opacity=&#8221;1&#8243; column_backdrop_filter=&#8221;none&#8221; font_color=&#8221;#ffffff&#8221; column_shadow=&#8221;none&#8221; column_border_radius=&#8221;none&#8221; column_link_target=&#8221;_self&#8221; overflow=&#8221;visible&#8221; gradient_direction=&#8221;left_to_right&#8221; overlay_strength=&#8221;0.3&#8243; width=&#8221;1\/1&#8243; tablet_width_inherit=&#8221;default&#8221; animation_type=&#8221;default&#8221; bg_image_animation=&#8221;none&#8221; border_type=&#8221;simple&#8221; column_border_width=&#8221;none&#8221; column_border_style=&#8221;solid&#8221;][split_line_heading animation_type=&#8221;twist-in&#8221; font_style=&#8221;h1&#8243; text_color=&#8221;#ff2d2d&#8221; content_alignment=&#8221;default&#8221; mobile_content_alignment=&#8221;inherit&#8221; link_target=&#8221;_self&#8221; text_content=&#8221;Request information<br \/>\nfor your vacation&#8221; font_size=&#8221;7vw&#8221;][\/split_line_heading][\/vc_column_inner][\/vc_row_inner][vc_row_inner column_margin=&#8221;default&#8221; column_direction=&#8221;default&#8221; column_direction_tablet=&#8221;default&#8221; column_direction_phone=&#8221;default&#8221; text_align=&#8221;left&#8221; row_position=&#8221;default&#8221; row_position_tablet=&#8221;inherit&#8221; row_position_phone=&#8221;inherit&#8221; overflow=&#8221;visible&#8221; pointer_events=&#8221;all&#8221;][vc_column_inner column_padding=&#8221;padding-6-percent&#8221; column_padding_tablet=&#8221;inherit&#8221; column_padding_phone=&#8221;inherit&#8221; column_padding_position=&#8221;all&#8221; bottom_margin=&#8221;-10%&#8221; column_element_direction_desktop=&#8221;default&#8221; column_element_spacing=&#8221;default&#8221; desktop_text_alignment=&#8221;default&#8221; tablet_text_alignment=&#8221;default&#8221; phone_text_alignment=&#8221;default&#8221; background_color=&#8221;#f4ece2&#8243; background_color_opacity=&#8221;1&#8243; background_hover_color_opacity=&#8221;1&#8243; column_backdrop_filter=&#8221;none&#8221; column_shadow=&#8221;none&#8221; column_border_radius=&#8221;none&#8221; column_link_target=&#8221;_self&#8221; overflow=&#8221;visible&#8221; gradient_direction=&#8221;left_to_right&#8221; overlay_strength=&#8221;0.3&#8243; width=&#8221;1\/1&#8243; tablet_width_inherit=&#8221;default&#8221; animation_type=&#8221;default&#8221; enable_animation=&#8221;true&#8221; animation=&#8221;fade-in-from-bottom&#8221; animation_easing=&#8221;default&#8221; bg_image_animation=&#8221;none&#8221; border_type=&#8221;simple&#8221; column_border_width=&#8221;none&#8221; column_border_style=&#8221;solid&#8221; column_padding_type=&#8221;default&#8221; gradient_type=&#8221;default&#8221;][vc_column_text]\n<h5 style=\"text-align: left;\">\n<div class=\"wpcf7 no-js\" id=\"wpcf7-f904-o1\" lang=\"en-US\" dir=\"ltr\" data-wpcf7-id=\"904\">\n<div class=\"screen-reader-response\"><p role=\"status\" aria-live=\"polite\" aria-atomic=\"true\"><\/p> <ul><\/ul><\/div>\n<form action=\"\/en\/wp-json\/wp\/v2\/pages\/874#wpcf7-f904-o1\" method=\"post\" class=\"wpcf7-form init\" aria-label=\"Contact form\" novalidate=\"novalidate\" data-status=\"init\">\n<fieldset class=\"hidden-fields-container\"><input type=\"hidden\" name=\"_wpcf7\" value=\"904\" \/><input type=\"hidden\" name=\"_wpcf7_version\" value=\"6.1.5\" \/><input type=\"hidden\" name=\"_wpcf7_locale\" value=\"en_US\" \/><input type=\"hidden\" name=\"_wpcf7_unit_tag\" value=\"wpcf7-f904-o1\" \/><input type=\"hidden\" name=\"_wpcf7_container_post\" value=\"0\" \/><input type=\"hidden\" name=\"_wpcf7_posted_data_hash\" value=\"\" \/>\n<\/fieldset>\n<div class=\"uacf7-form-wrapper-container uacf7-form-904  \"><label>Full name\n    <span class=\"wpcf7-form-control-wrap\" data-name=\"nomecompleto\"><input size=\"40\" maxlength=\"400\" class=\"wpcf7-form-control wpcf7-text wpcf7-validates-as-required\" aria-required=\"true\" aria-invalid=\"false\" value=\"\" type=\"text\" name=\"nomecompleto\" \/><\/span> <\/label>\n\n<div class=\"uacf7-row\">\n    <div class=\"uacf7-col-6\">\n        <label>Your email\n            <span class=\"wpcf7-form-control-wrap\" data-name=\"your-email\"><input size=\"40\" maxlength=\"400\" class=\"wpcf7-form-control wpcf7-email wpcf7-validates-as-required wpcf7-text wpcf7-validates-as-email\" autocomplete=\"email\" aria-required=\"true\" aria-invalid=\"false\" value=\"\" type=\"email\" name=\"your-email\" \/><\/span> <\/label>\n    <\/div>\n    <div class=\"uacf7-col-6\">\n        <label>Phone (optional)\n            <span class=\"wpcf7-form-control-wrap\" data-name=\"telefono\"><input size=\"40\" maxlength=\"400\" class=\"wpcf7-form-control wpcf7-tel wpcf7-text wpcf7-validates-as-tel\" aria-invalid=\"false\" value=\"\" type=\"tel\" name=\"telefono\" \/><\/span> <\/label>\n    <\/div>\n<\/div>\n\n<div class=\"uacf7-row\">\n    <div class=\"uacf7-col-6\">\n        <label>Date of arrival\n            <span class=\"wpcf7-form-control-wrap\" data-name=\"Arrivo\"><input class=\"wpcf7-form-control wpcf7-date wpcf7-validates-as-required wpcf7-validates-as-date\" aria-required=\"true\" aria-invalid=\"false\" value=\"\" type=\"date\" name=\"Arrivo\" \/><\/span> <\/label>\n<\/div>\n    <div class=\"uacf7-col-6\">\n        <label>Departure date\n            <span class=\"wpcf7-form-control-wrap\" data-name=\"Partenza\"><input class=\"wpcf7-form-control wpcf7-date wpcf7-validates-as-required wpcf7-validates-as-date\" aria-required=\"true\" aria-invalid=\"false\" value=\"\" type=\"date\" name=\"Partenza\" \/><\/span> <\/label>\n    <\/div>\n<\/div>\n<label>Select apartment\n    <span class=\"wpcf7-form-control-wrap\" data-name=\"appartamento\"><select class=\"wpcf7-form-control wpcf7-select wpcf7-validates-as-required\" aria-required=\"true\" aria-invalid=\"false\" multiple=\"multiple\" name=\"appartamento[]\"><option value=\"\">&#8212;Please choose an option&#8212;<\/option><option value=\"Charming Little Jewel\">Charming Little Jewel<\/option><option value=\"Little Jewel Florence 2\">Little Jewel Florence 2<\/option><option value=\"Little Jewel Elba\">Little Jewel Elba<\/option><\/select><\/span> <\/label>\n\n<div class=\"uacf7-row\">\n    <div class=\"uacf7-col-6\">\n        <label>Adults\n            <span class=\"wpcf7-form-control-wrap\" data-name=\"adulti\"><input class=\"wpcf7-form-control wpcf7-number wpcf7-validates-as-required wpcf7-validates-as-number\" aria-required=\"true\" aria-invalid=\"false\" value=\"1\" type=\"number\" name=\"adulti\" \/><\/span> <\/label>\n<\/div>\n    <div class=\"uacf7-col-6\">\n        <label>Children (optional)\n            <span class=\"wpcf7-form-control-wrap\" data-name=\"bambini\"><input class=\"wpcf7-form-control wpcf7-number wpcf7-validates-as-number\" aria-invalid=\"false\" value=\"\" type=\"number\" name=\"bambini\" \/><\/span> <\/label>\n    <\/div>\n<\/div>\n\n<label>Notes (optional)\n    <span class=\"wpcf7-form-control-wrap\" data-name=\"note\"><textarea cols=\"40\" rows=\"10\" maxlength=\"2000\" class=\"wpcf7-form-control wpcf7-textarea\" aria-invalid=\"false\" placeholder=\"Do you have any special requests?\" name=\"note\"><\/textarea><\/span> <\/label>\n<\/table>\n\n<span class=\"wpcf7-form-control-wrap\" data-name=\"Privacypolicy\"><span class=\"wpcf7-form-control wpcf7-acceptance\"><span class=\"wpcf7-list-item\"><label><input type=\"checkbox\" name=\"Privacypolicy\" value=\"1\" aria-invalid=\"false\" \/><span class=\"wpcf7-list-item-label\">I accept the Privacy Policy and declare that I have read and understood the information in accordance with Article 13 of the GDPR<\/span><\/label><\/span><\/span><\/span>\n\n<br>\n<input class=\"wpcf7-form-control wpcf7-submit has-spinner\" type=\"submit\" value=\"Send\" \/><\/div><p style=\"display: none !important;\" class=\"akismet-fields-container\" data-prefix=\"_wpcf7_ak_\"><label>&#916;<textarea name=\"_wpcf7_ak_hp_textarea\" cols=\"45\" rows=\"8\" maxlength=\"100\"><\/textarea><\/label><input type=\"hidden\" id=\"ak_js_1\" name=\"_wpcf7_ak_js\" value=\"103\"\/><script>document.getElementById( \"ak_js_1\" ).setAttribute( \"value\", ( new Date() ).getTime() );<\/script><\/p><div class=\"wpcf7-response-output\" aria-hidden=\"true\"><\/div>\n<\/form>\n<\/div>\n<\/h5>\n[\/vc_column_text][\/vc_column_inner][\/vc_row_inner][\/vc_column][\/vc_row][vc_row type=&#8221;full_width_background&#8221; full_screen_row_position=&#8221;middle&#8221; column_margin=&#8221;default&#8221; column_direction=&#8221;default&#8221; column_direction_tablet=&#8221;default&#8221; column_direction_phone=&#8221;default&#8221; bg_image=&#8221;467&#8243; bg_position=&#8221;center center&#8221; background_image_loading=&#8221;default&#8221; bg_repeat=&#8221;no-repeat&#8221; scene_position=&#8221;center&#8221; top_padding=&#8221;20%&#8221; bottom_padding=&#8221;10%&#8221; text_color=&#8221;light&#8221; text_align=&#8221;left&#8221; row_border_radius=&#8221;none&#8221; row_border_radius_applies=&#8221;bg&#8221; overflow=&#8221;visible&#8221; color_overlay=&#8221;#0a0a0a&#8221; overlay_strength=&#8221;0.8&#8243; gradient_direction=&#8221;left_to_right&#8221; shape_divider_position=&#8221;bottom&#8221; bg_image_animation=&#8221;zoom-out-slow&#8221; shape_type=&#8221;&#8221; gradient_type=&#8221;default&#8221;][vc_column column_padding=&#8221;no-extra-padding&#8221; column_padding_tablet=&#8221;inherit&#8221; column_padding_phone=&#8221;inherit&#8221; column_padding_position=&#8221;all&#8221; column_element_direction_desktop=&#8221;default&#8221; column_element_spacing=&#8221;default&#8221; desktop_text_alignment=&#8221;default&#8221; tablet_text_alignment=&#8221;default&#8221; phone_text_alignment=&#8221;default&#8221; background_color_opacity=&#8221;1&#8243; background_hover_color_opacity=&#8221;1&#8243; column_backdrop_filter=&#8221;none&#8221; column_shadow=&#8221;none&#8221; column_border_radius=&#8221;none&#8221; column_link_target=&#8221;_self&#8221; column_position=&#8221;default&#8221; gradient_direction=&#8221;left_to_right&#8221; overlay_strength=&#8221;0.3&#8243; width=&#8221;1\/1&#8243; tablet_width_inherit=&#8221;default&#8221; animation_type=&#8221;default&#8221; enable_animation=&#8221;true&#8221; animation=&#8221;fade-in-from-bottom&#8221; animation_easing=&#8221;default&#8221; bg_image_animation=&#8221;none&#8221; border_type=&#8221;simple&#8221; column_border_width=&#8221;none&#8221; column_border_style=&#8221;solid&#8221;][split_line_heading animation_type=&#8221;line-reveal-by-space&#8221; font_style=&#8221;h3&#8243; line_reveal_by_space_text_effect=&#8221;default&#8221; content_alignment=&#8221;center&#8221; mobile_content_alignment=&#8221;inherit&#8221; link_target=&#8221;_self&#8221; text_content=&#8221;They say about us:&#8221; font_size=&#8221;3vw&#8221; font_line_height=&#8221;1.2&#8243;][\/split_line_heading][divider line_type=&#8221;No Line&#8221; custom_height=&#8221;20&#8243;][testimonial_slider style=&#8221;minimal&#8221; star_rating_color=&#8221;accent-color&#8221; autorotate=&#8221;9000&#8243; disable_height_animation=&#8221;true&#8221;][testimonial star_rating=&#8221;none&#8221; title=&#8221;Testimonial&#8221; id=&#8221;1703776659483-5&#8243; name=&#8221;Allen&#8221; quote=&#8221;Ricardo and Maurizio were amazing hosts. The apartment is super comfortable, (we were a family of four). The location is unbelievable &#8211; close to the Duomo, the Academia and the Uffizi. You can&#039;t beat the location! I would highly recommend this apartment to future guests and would surely come back on our next visit to Florence.&#8221; tab_id=&#8221;1703776659483-6&#8243;][testimonial star_rating=&#8221;none&#8221; title=&#8221;Testimonial&#8221; id=&#8221;1703776659494-7&#8243; name=&#8221;Lison&#8221; quote=&#8221;Riccardo picked us up at the train station and walked us to the apartment which was greatly appreciated! The apartment was in the perfect location and the view of the cathedral was spectacular! The apartment was well equipped and the kitchen really functional! The hosts was very responsive with any questions and even checked in the times of thr airport streetcar for us. Great stay and would definitely recommend!&#8221; tab_id=&#8221;1703776659494-4&#8243;][testimonial star_rating=&#8221;none&#8221; title=&#8221;Testimonial&#8221; id=&#8221;1703776659500-4&#8243; name=&#8221;William&#8221; quote=&#8221;This apartment was perfect for me and my wife on our honeymoon! The location is perfect being so close to the Duomo. The apartment was well stocked with the essentials we needed like water, juice, and coffee. Being able to do laundry was a big plus for us as well. The apartment matches the photos very well and was exactly as advertised. Just about everything in Florence is easily walkable from this location, which was exactly what we wanted.&#8221; tab_id=&#8221;1703776659500-3&#8243;][testimonial star_rating=&#8221;none&#8221; title=&#8221;Testimonial&#8221; id=&#8221;1703776659505-1&#8243; name=&#8221;Michael&#8221; quote=&#8221;One of the most hospitable (kind) hosts we have met in many Airbnb experiences. The apartment is in an historic building a few blocks from the Firenze Cathedral and convenient to most museums and central Florence. Hard to fully describe the charm of the apartment; i.e. lofted sleeping space among 20 foot ceilings and 12 foot windows. Well appointed and very comfortable. The buildings foyer and elevator is something out of a film noir set in midtown Manhattan in the 1930s; caged enclosure, charming interior and rock solid. We were completely charmed.&#8221; tab_id=&#8221;1703776659505-1&#8243;][testimonial star_rating=&#8221;none&#8221; title=&#8221;Testimonial&#8221; id=&#8221;1703776659512-10&#8243; tab_id=&#8221;1703776659512-9&#8243; name=&#8221;Sigita&#8221; quote=&#8221;We had a great time! The communication with Maurizio and his son Riccardo was perfect. They let use their garage and took us to the flat with their car (also picked us up on the day of departure). The location of the flat was right in the middle of old town near the dome. The flat was small but cosy and had everything you need. Riccardo gave us a lot of good reccommendations where to eat and to shop.&#8221;][testimonial star_rating=&#8221;none&#8221; title=&#8221;Testimonial&#8221; id=&#8221;1703776659520-9&#8243; tab_id=&#8221;1703776659520-1&#8243; name=&#8221;Woman&#8221; quote=&#8221;If you are reading this review, stop and book your stay immediately. This is truly the jewel of all Airbnb&#039;s in Florence, the jewel of Italy. Beautifully appointed, extremely well situated, impeccably clean, and incredibly well stocked. This was an amazing stay and my only complaint is that I wish we had stayed longer. We will cherish our memories of our stay here and highly recommend to anyone that values elegance, location and a five star experience.&#8221;][testimonial star_rating=&#8221;none&#8221; title=&#8221;Testimonial&#8221; id=&#8221;1703776659528-10&#8243; tab_id=&#8221;1703776659528-9&#8243; name=&#8221;Ian&#8221; quote=&#8221;The place was absolutely stunning. Check in was a breeze and the loft and location was like something out of a movie. Riccardo was a phenomenal host and this will be our top choice next time we are in Florence.&#8221;][testimonial star_rating=&#8221;none&#8221; title=&#8221;Testimonial&#8221; id=&#8221;1703776659534-8&#8243; tab_id=&#8221;1703776659534-1&#8243; name=&#8221;Amanda&#8221; quote=&#8221;What a wonderful stay in Florence! Riccardo met us at the train station and walked us to the apartment, gave us tons of local recommendations and even booked us a cab to the airport on our last morning. He was always extremely responsive to any questions and truly made our stay special. The apartment was PERFECT in every way &#8211; I really can&#039;t recommend it enough! Had everything we needed and was in the best location. Thank you so much Maurizio, Margherita and Riccardo for making our honeymoon so special!!!&#8221;][testimonial star_rating=&#8221;none&#8221; title=&#8221;Testimonial&#8221; id=&#8221;1703776659540-8&#8243; tab_id=&#8221;1703776659540-2&#8243; name=&#8221;Nicole&#8221; quote=&#8221;This was one of the most beautiful airbnbs we&#039;ve ever stayed in &#8211; such a special place. Maurizio was incredibly communicative &amp; responsive. He met us at the train station and showed us the apartment, which was well stocked and had some very generous extras as well. The location is great. Thank you so much Maurizio &amp; family for a wonderful stay!&#8221;][testimonial star_rating=&#8221;none&#8221; title=&#8221;Testimonial&#8221; id=&#8221;1703776659548-1&#8243; tab_id=&#8221;1703776659548-9&#8243; name=&#8221;Alexandre&#8221; subtitle=&#8221;Villeneuve-Loubet, France&#8221; quote=&#8221;Grazzi\u00e9 Mauritius. Maurizio est venu nous chercher a l aller comme au retour , d\u00e8s que nous avions une question ou quoi que ce soit il a ete reactif , de tres bons conseils , serviable au maximum , que du bonheur d etre recu comme ceci.&#8221;][testimonial star_rating=&#8221;none&#8221; title=&#8221;Testimonial&#8221; id=&#8221;1703776659554-3&#8243; tab_id=&#8221;1703776659554-0&#8243; name=&#8221;Krista&#8221; subtitle=&#8221;Burleigh Waters, Australia&#8221; quote=&#8221;Wonderful hosts, met us at the train station, helped us with our luggage and gave us a detailed tour to the apartment. The apartment was lovely and in the center of Florence. Couldn&#039;t fault it in any way. Can&#039;t wait to go back to Florence \u2764\ufe0f&#8221;][testimonial star_rating=&#8221;none&#8221; title=&#8221;Testimonial&#8221; id=&#8221;1703776659562-7&#8243; tab_id=&#8221;1703776659562-4&#8243; name=&#8221;Constance&#8221; subtitle=&#8221;Paris, France&#8221; quote=&#8221;Apparemment superbe et id\u00e9alement situ\u00e9, au pied de la cath\u00e9drale. Tr\u00e8s bien \u00e9quip\u00e9e et propre, agr\u00e9able \u00e0 vivre. Maurizio a \u00e9t\u00e9 un super h\u00f4te, accueil g\u00e9nial et disponible tout au long du s\u00e9jour. A noter tout de m\u00eame la voisine qui ne supporte pas les enfants&#8230;mais manifestement il n&#039;y a qu&#039;elle qui a \u00e9t\u00e9 g\u00ean\u00e9 par nos bambins !&#8221;][testimonial star_rating=&#8221;none&#8221; title=&#8221;Testimonial&#8221; id=&#8221;1703776659571-0&#8243; tab_id=&#8221;1703776659571-5&#8243; name=&#8221;Rebecca&#8221; subtitle=&#8221;Draper, Utah&#8221; quote=&#8221;Maurizio was wonderful on communicating. He arranged to meet us at his garage to park the car and then transport us into the city. He shared his love and facts about Florence. He dropped our car off at the door the morning of departure. Perfect location and views. We were able to get to everything quickly. Would definitely stay again.&#8221;][testimonial star_rating=&#8221;none&#8221; title=&#8221;Testimonial&#8221; id=&#8221;1703776659579-6&#8243; tab_id=&#8221;1703776659580-7&#8243; name=&#8221;Tijme&#8221; subtitle=&#8221;Amsterdam, Netherlands&#8221; quote=&#8221;Super vriendelijk, behulpzaam en goed bereikbaar. Kwam ons midden in de nacht va het vliegveld ophalen en heeft er voor gezorgd dat we top plekjes hadden om te eten.&#8221;][testimonial star_rating=&#8221;none&#8221; title=&#8221;Testimonial&#8221; id=&#8221;1703776659588-6&#8243; tab_id=&#8221;1703776659588-6&#8243; name=&#8221;Irene&#8221; subtitle=&#8221;Glimmen, Netherlands&#8221; quote=&#8221;Fijn appartement met goede voorzieningen zoals een goed bed op een uitstekende lokatie Leuke welkoms details zijn aanwezig.&#8221;][testimonial star_rating=&#8221;none&#8221; title=&#8221;Testimonial&#8221; id=&#8221;1703776659598-2&#8243; tab_id=&#8221;1703776659598-0&#8243; name=&#8221;Samuel&#8221; subtitle=&#8221;Nyon, Switzerland&#8221; quote=&#8221;Appartement propre, bien \u00e9quip\u00e9 et tr\u00e8s bien situ\u00e9. Je n&#039;ai pas eu l&#039;occasion de rencontrer le propri\u00e9taire qui a pourtant organis\u00e9 notre venue id\u00e9alement. \u00c0 recommander sans h\u00e9siter!&#8221;][testimonial star_rating=&#8221;none&#8221; title=&#8221;Testimonial&#8221; id=&#8221;1703776659608-4&#8243; tab_id=&#8221;1703776659608-2&#8243; name=&#8221;William&#8221; subtitle=&#8221;Los Angeles, California&#8221; quote=&#8221;Maurizio (and his sons) were delightful and extremely helpful. Maurizio met us at the station and brought us to the apartment. He acted as a bit of a tour guide along the way. When I texted him with questions, he always answered them quickly, day or night. The location cannot be beat. A block from the Academy and Piazza di San Marco I one direction, five blocks from the Duomo in another. An unforgettable experience. I could offer any higher praise.&#8221;][testimonial star_rating=&#8221;none&#8221; title=&#8221;Testimonial&#8221; id=&#8221;1703776659615-6&#8243; tab_id=&#8221;1703776659615-6&#8243; name=&#8221;Shannon&#8221; subtitle=&#8221;Northport, New York&#8221; quote=&#8221;We had such a wonderful experience in this lovely little studio by the dome! The location was amazing and the apartment itself was such a cozy and enjoyable space. We loved every minute we were there. The hosts went out of their way to help us in so many ways. We can&#039;t say thank you enough! Highly recommend.&#8221;][testimonial star_rating=&#8221;none&#8221; title=&#8221;Testimonial&#8221; id=&#8221;1703776659622-6&#8243; tab_id=&#8221;1703776659622-9&#8243; name=&#8221;Kristen&#8221; subtitle=&#8221;Medford, Mass.&#8221; quote=&#8221;Don&#039;t think twice about booking this apartment! Great location, clean and convenient apartment with everything you will need for a short or long stay. Good for a couple or 2-3 friends. And for the women, the hairdryer was better than any apartment I&#039;ve rented :). Will recommend to anyone who travels to Florence!&#8221;][\/testimonial_slider][\/vc_column][\/vc_row]\n","protected":false},"excerpt":{"rendered":"<p>[vc_row type=&#8221;full_width_background&#8221; full_screen_row_position=&#8221;middle&#8221; column_margin=&#8221;default&#8221; column_direction=&#8221;default&#8221; column_direction_tablet=&#8221;default&#8221; column_direction_phone=&#8221;default&#8221; bg_color=&#8221;#ffffff&#8221; scene_position=&#8221;center&#8221; top_padding=&#8221;14%&#8221; text_color=&#8221;dark&#8221; text_align=&#8221;left&#8221; row_border_radius=&#8221;none&#8221; row_border_radius_applies=&#8221;bg&#8221; zindex=&#8221;100&#8243; overflow=&#8221;visible&#8221; overlay_strength=&#8221;0.3&#8243; gradient_direction=&#8221;left_to_right&#8221;&#8230;<\/p>\n","protected":false},"author":1,"featured_media":0,"parent":0,"menu_order":0,"comment_status":"closed","ping_status":"closed","template":"","meta":{"footnotes":""},"class_list":["post-874","page","type-page","status-publish"],"aioseo_notices":[],"_links":{"self":[{"href":"https:\/\/www.littlejewelsflorence.com\/en\/wp-json\/wp\/v2\/pages\/874","targetHints":{"allow":["GET"]}}],"collection":[{"href":"https:\/\/www.littlejewelsflorence.com\/en\/wp-json\/wp\/v2\/pages"}],"about":[{"href":"https:\/\/www.littlejewelsflorence.com\/en\/wp-json\/wp\/v2\/types\/page"}],"author":[{"embeddable":true,"href":"https:\/\/www.littlejewelsflorence.com\/en\/wp-json\/wp\/v2\/users\/1"}],"replies":[{"embeddable":true,"href":"https:\/\/www.littlejewelsflorence.com\/en\/wp-json\/wp\/v2\/comments?post=874"}],"version-history":[{"count":2,"href":"https:\/\/www.littlejewelsflorence.com\/en\/wp-json\/wp\/v2\/pages\/874\/revisions"}],"predecessor-version":[{"id":876,"href":"https:\/\/www.littlejewelsflorence.com\/en\/wp-json\/wp\/v2\/pages\/874\/revisions\/876"}],"wp:attachment":[{"href":"https:\/\/www.littlejewelsflorence.com\/en\/wp-json\/wp\/v2\/media?parent=874"}],"curies":[{"name":"wp","href":"https:\/\/api.w.org\/{rel}","templated":true}]}}